{"id":56937,"date":"2020-11-27T11:13:58","date_gmt":"2020-11-27T10:13:58","guid":{"rendered":"https:\/\/pvcrobniki.si\/?post_type=product&#038;p=56937"},"modified":"2026-05-04T08:47:26","modified_gmt":"2026-05-04T07:47:26","slug":"pvc-robnik-visine-10-cm","status":"publish","type":"product","link":"https:\/\/www.pvcrobniki.si\/?product=pvc-robnik-visine-10-cm","title":{"rendered":"PVC Robnik vi\u0161ine 10 cm"},"content":{"rendered":"<p>En kos PVC robnika je dol\u017eine 3m. V kolikor potrebujete 10m robnikov, prosimo naro\u010dite 4 kose.<\/p>\n","protected":false},"excerpt":{"rendered":"<p>PVC robnik se prodaja v kosih dol\u017eine 3m.<\/p>\n<div style=\"font-size: 11px; line-height:15px\"><span style=\"color: red;\">Pri pla\u010dilu po povzetju, vam Po\u0161ta Slovenije zara\u010duna provizijo za odkupnino po ceniku Po\u0161te Slovenije.<\/span><br \/>\n<a href=\"\/?page_id=3\" target=\"_blank\" rel=\"noopener\">Pogoji uporabe<\/a>!<\/div>\n","protected":false},"featured_media":56998,"comment_status":"open","ping_status":"closed","template":"","meta":[],"product_cat":[31],"product_tag":[],"_links":{"self":[{"href":"https:\/\/www.pvcrobniki.si\/index.php?rest_route=\/wp\/v2\/product\/56937"}],"collection":[{"href":"https:\/\/www.pvcrobniki.si\/index.php?rest_route=\/wp\/v2\/product"}],"about":[{"href":"https:\/\/www.pvcrobniki.si\/index.php?rest_route=\/wp\/v2\/types\/product"}],"replies":[{"embeddable":true,"href":"https:\/\/www.pvcrobniki.si\/index.php?rest_route=%2Fwp%2Fv2%2Fcomments&post=56937"}],"wp:featuredmedia":[{"embeddable":true,"href":"https:\/\/www.pvcrobniki.si\/index.php?rest_route=\/wp\/v2\/media\/56998"}],"wp:attachment":[{"href":"https:\/\/www.pvcrobniki.si\/index.php?rest_route=%2Fwp%2Fv2%2Fmedia&parent=56937"}],"wp:term":[{"taxonomy":"product_cat","embeddable":true,"href":"https:\/\/www.pvcrobniki.si\/index.php?rest_route=%2Fwp%2Fv2%2Fproduct_cat&post=56937"},{"taxonomy":"product_tag","embeddable":true,"href":"https:\/\/www.pvcrobniki.si\/index.php?rest_route=%2Fwp%2Fv2%2Fproduct_tag&post=56937"}],"curies":[{"name":"wp","href":"https:\/\/api.w.org\/{rel}","templated":true}]}}